{"id":5124,"date":"2021-02-28T15:34:12","date_gmt":"2021-02-28T15:34:12","guid":{"rendered":"https:\/\/dadpreneur.magicprojects.work\/?page_id=5124"},"modified":"2024-01-05T18:50:47","modified_gmt":"2024-01-05T18:50:47","slug":"impressum","status":"publish","type":"page","link":"https:\/\/dadpreneur.magicprojects.work\/en\/impressum\/","title":{"rendered":"Imprint"},"content":{"rendered":"<div data-elementor-type=\"wp-page\" data-elementor-id=\"5124\" class=\"elementor elementor-5124\" data-elementor-settings=\"[]\">\n\t\t\t\t\t\t\t<div class=\"elementor-section-wrap\">\n\t\t\t\t\t        <section class=\"elementor-section elementor-top-section elementor-element elementor-element-4b547a0 elementor-section-boxed elementor-section-height-default elementor-section-height-default\" data-id=\"4b547a0\" data-element_type=\"section\" data-settings=\"{&quot;_ha_eqh_enable&quot;:false}\">\n            \n                        <div class=\"elementor-container elementor-column-gap-default\">\n                    <div class=\"elementor-column elementor-col-25 elementor-top-column elementor-element elementor-element-069e592\" data-id=\"069e592\" data-element_type=\"column\">\n            <div class=\"elementor-widget-wrap\">\n                                    <\/div>\n        <\/div>\n                <div class=\"elementor-column elementor-col-50 elementor-top-column elementor-element elementor-element-43948e1\" data-id=\"43948e1\" data-element_type=\"column\">\n            <div class=\"elementor-widget-wrap\">\n                                    <\/div>\n        <\/div>\n                <div class=\"elementor-column elementor-col-25 elementor-top-column elementor-element elementor-element-b8944df\" data-id=\"b8944df\" data-element_type=\"column\">\n            <div class=\"elementor-widget-wrap\">\n                                    <\/div>\n        <\/div>\n                            <\/div>\n        <\/section>\n                <section class=\"elementor-section elementor-top-section elementor-element elementor-element-265f5d4 elementor-section-boxed elementor-section-height-default elementor-section-height-default\" data-id=\"265f5d4\" data-element_type=\"section\" data-settings=\"{&quot;_ha_eqh_enable&quot;:false}\">\n            \n                        <div class=\"elementor-container elementor-column-gap-default\">\n                    <div class=\"elementor-column elementor-col-50 elementor-top-column elementor-element elementor-element-12e1fb9\" data-id=\"12e1fb9\" data-element_type=\"column\">\n            <div class=\"elementor-widget-wrap elementor-element-populated\">\n                        \t\t<div class=\"elementor-element elementor-element-feca9f2 elementor-widget elementor-widget-text-editor\" data-id=\"feca9f2\" data-element_type=\"widget\" data-widget_type=\"text-editor.default\">\n\t\t\t\t<div class=\"elementor-widget-container\">\n\t\t\t\t\t<div class=\"elementor-text-editor elementor-clearfix\"><p><span style=\"font-weight: bolder;\">Contact<\/span><\/p><p>Maisenbacher magicprojects<br \/>Jan Maisenbacher<br \/>Buggenacher 7<br \/>6043 Adligenswil<br \/>Switzerland<\/p><p>E-Mail:<br \/>info@janmaisenbacher.com<\/p><\/div>\n\t\t\t\t<\/div>\n\t\t\t\t<\/div>\n\t\t            <\/div>\n        <\/div>\n                <div class=\"elementor-column elementor-col-50 elementor-top-column elementor-element elementor-element-9777ec5\" data-id=\"9777ec5\" data-element_type=\"column\">\n            <div class=\"elementor-widget-wrap elementor-element-populated\">\n                        \t\t<div class=\"elementor-element elementor-element-709cb94 elementor-widget elementor-widget-text-editor\" data-id=\"709cb94\" data-element_type=\"widget\" data-widget_type=\"text-editor.default\">\n\t\t\t\t<div class=\"elementor-widget-container\">\n\t\t\t\t\t<div class=\"elementor-text-editor elementor-clearfix\"><p><span style=\"color: inherit; font-family: inherit; letter-spacing: 0px;\"><b>Photos and Videos<\/b><\/span><\/p><p><strong>Photos: <\/strong>Jan Maisenbacher, Unterwasserrugbybilder: <a href=\"https:\/\/larshenschel.ch\/\">https:\/\/larshenschel.ch\/<\/a> und Ralf Klein<\/p><p>\u00a0<\/p><\/div>\n\t\t\t\t<\/div>\n\t\t\t\t<\/div>\n\t\t            <\/div>\n        <\/div>\n                            <\/div>\n        <\/section>\n                <section class=\"elementor-section elementor-top-section elementor-element elementor-element-e7415cb elementor-section-boxed elementor-section-height-default elementor-section-height-default\" data-id=\"e7415cb\" data-element_type=\"section\" data-settings=\"{&quot;_ha_eqh_enable&quot;:false}\">\n            \n                        <div class=\"elementor-container elementor-column-gap-default\">\n                    <div class=\"elementor-column elementor-col-100 elementor-top-column elementor-element elementor-element-0fdbab1\" data-id=\"0fdbab1\" data-element_type=\"column\">\n            <div class=\"elementor-widget-wrap elementor-element-populated\">\n                        \t\t<div class=\"elementor-element elementor-element-65e6c71 elementor-widget elementor-widget-text-editor\" data-id=\"65e6c71\" data-element_type=\"widget\" data-widget_type=\"text-editor.default\">\n\t\t\t\t<div class=\"elementor-widget-container\">\n\t\t\t\t\t<div class=\"elementor-text-editor elementor-clearfix\"><p><strong style=\"color: inherit; font-family: inherit; letter-spacing: 0px;\">Authorized representative person(s)<\/strong><\/p><p>Jan Maisenbacher<br \/><br \/><\/p><p><strong>Register Entry<\/strong><\/p><p>Registered company name: Maisenbacher magicprojects<br \/>Register Nr: CHE-229.998.829<\/p><p><br \/><br \/><\/p><p><strong>Disclaimer<\/strong><\/p><p>The author assumes no liability whatsoever with regard to the correctness, accuracy, topicality, reliability and completeness of the information provided.<\/p><p>Liability claims against the author for material or immaterial damages resulting from access to or use or non-use of the published information, misuse of the connection or technical faults are excluded.<\/p><p>All offers are non-binding. Parts of the pages or the complete publication including all offers and information might be extended, changed or partly or completely deleted by the author without separate announcement.<\/p><p><br \/><br \/><\/p><p><strong>Exclusion of liability for links<\/strong><\/p><p>References and links to third party websites are outside our area of responsibility. We decline any responsibility for such websites. Access and use of such websites is at the user\u2019s own risk.<\/p><p><br \/><br \/><\/p><p><strong>Copyright<\/strong><\/p><p>The copyrights and all other rights to content, images, photos or other files on this website belong exclusively to Jan Maisenbacher or the specifically named rights holders. For the reproduction of any elements, the written consent of the copyright holder must be obtained in advance. <strong>Jan Maisenbacher<\/strong> oder den speziell genannten Rechteinhabern. F\u00fcr die Reproduktion jeglicher Elemente ist die schriftliche Zustimmung des Urheberrechtstr\u00e4gers im Voraus einzuholen.<\/p><p><br \/><br \/><!--ACHTUNG: Wenn Sie die Quelle ohne Erlaubnis von SwissAnwalt entfernen, dann begehen Sie eine Urheberrechtsverletzung welche in jedem Fall geahndet wird.-->Source: <a href=\"https:\/\/www.swissanwalt.ch\" target=\"_blank\" rel=\"noopener\">SwissAnwalt<\/a><!--Bitte beachten Sie die AGB von SwissAnwalt betreffend allf&auml;llig anfallenden Kosten bei Weglassen der Quelle!--><\/p><\/div>\n\t\t\t\t<\/div>\n\t\t\t\t<\/div>\n\t\t            <\/div>\n        <\/div>\n                            <\/div>\n        <\/section>\n        \t\t\t\t<\/div>\n\t\t\t\t\t<\/div>","protected":false},"excerpt":{"rendered":"<p>Kontakt-Adresse Maisenbacher magicprojectsJan MaisenbacherBuggenacher 76043 AdligenswilSchweiz E-Mail:info@janmaisenbacher.com Fotos und Videos Fotos: Jan Maisenbacher, Unterwasserrugbybilder: https:\/\/larshenschel.ch\/ und Ralf Klein \u00a0 Vertretungsberechtigte Person(en) Jan Maisenbacher Handelsregister-Eintrag Eingetragener Firmenname: Maisenbacher magicprojectsHandelsregister Nr: CHE-229.998.829 Haftungsausschluss Der Autor \u00fcbernimmt keinerlei Gew\u00e4hr hinsichtlich der inhaltlichen Richtigkeit, Genauigkeit, Aktualit\u00e4t, Zuverl\u00e4ssigkeit und Vollst\u00e4ndigkeit der Informationen. Haftungsanspr\u00fcche gegen den Autor wegen Sch\u00e4den materieller oder [&hellip;]<\/p>","protected":false},"author":3,"featured_media":0,"parent":0,"menu_order":0,"comment_status":"closed","ping_status":"closed","template":"elementor_header_footer","meta":[],"yst_prominent_words":[119,110,120,117,116,112,93,122,111,115,85,86,76,78,113,109,114,121,118,99],"_links":{"self":[{"href":"https:\/\/dadpreneur.magicprojects.work\/en\/wp-json\/wp\/v2\/pages\/5124"}],"collection":[{"href":"https:\/\/dadpreneur.magicprojects.work\/en\/wp-json\/wp\/v2\/pages"}],"about":[{"href":"https:\/\/dadpreneur.magicprojects.work\/en\/wp-json\/wp\/v2\/types\/page"}],"author":[{"embeddable":true,"href":"https:\/\/dadpreneur.magicprojects.work\/en\/wp-json\/wp\/v2\/users\/3"}],"replies":[{"embeddable":true,"href":"https:\/\/dadpreneur.magicprojects.work\/en\/wp-json\/wp\/v2\/comments?post=5124"}],"version-history":[{"count":23,"href":"https:\/\/dadpreneur.magicprojects.work\/en\/wp-json\/wp\/v2\/pages\/5124\/revisions"}],"predecessor-version":[{"id":7582,"href":"https:\/\/dadpreneur.magicprojects.work\/en\/wp-json\/wp\/v2\/pages\/5124\/revisions\/7582"}],"wp:attachment":[{"href":"https:\/\/dadpreneur.magicprojects.work\/en\/wp-json\/wp\/v2\/media?parent=5124"}],"wp:term":[{"taxonomy":"yst_prominent_words","embeddable":true,"href":"https:\/\/dadpreneur.magicprojects.work\/en\/wp-json\/wp\/v2\/yst_prominent_words?post=5124"}],"curies":[{"name":"wp","href":"https:\/\/api.w.org\/{rel}","templated":true}]}}